{"id":852,"date":"2023-09-24T01:41:16","date_gmt":"2023-09-23T23:41:16","guid":{"rendered":"https:\/\/slick-erfurt.de\/?page_id=852"},"modified":"2024-12-05T09:40:06","modified_gmt":"2024-12-05T08:40:06","slug":"agb","status":"publish","type":"page","link":"https:\/\/slick-erfurt.de\/?page_id=852","title":{"rendered":"Datenschutzinformation"},"content":{"rendered":"\n<h2 class=\"wp-block-heading\"><strong>I.&nbsp;Informationen \u00fcber die Verarbeitung Ihrer Daten gem\u00e4\u00df Art. 13 der Datenschutz-Grundverordnung (DS-GVO)<\/strong><\/h2>\n\n\n\n<h3 class=\"wp-block-heading\"><strong>1.&nbsp;Verantwortlicher und Datenschutzbeauftragter<\/strong><\/h3>\n\n\n\n<p>Verantwortlich f\u00fcr diese Website ist<\/p>\n\n\n\n<p>Lucas Hanl<\/p>\n\n\n\n<p>Bahnhofstra\u00dfe 12<\/p>\n\n\n\n<p>99189 Walschleben<\/p>\n\n\n\n<p>Den Datenschutzbeauftragten erreichen Sie per E-Mail unter<\/p>\n\n\n\n<p>kontakt@slick-erfurt.de<\/p>\n\n\n\n<h3 class=\"wp-block-heading\"><strong>2. Daten, die f\u00fcr die Bereitstellung der Website und die Erstellung der Protokolldateien verarbeitet werden<\/strong><\/h3>\n\n\n\n<h4 class=\"wp-block-heading\"><strong>a. Welche Daten werden f\u00fcr welchen Zweck verarbeitet?<\/strong><\/h4>\n\n\n\n<p>Bei jedem Zugriff auf Inhalte der Website werden vor\u00fcbergehend Daten gespeichert, die m\u00f6glicherweise eine Identifizierung zulassen. Die folgenden Daten werden hierbei erhoben:<\/p>\n\n\n\n<p>&#8211;&nbsp;Datum und Uhrzeit des Zugriffs<\/p>\n\n\n\n<p>&#8211; IP-Adresse<\/p>\n\n\n\n<p>&#8211;&nbsp;Hostname des zugreifenden Rechners<\/p>\n\n\n\n<p>&#8211;&nbsp;Website, von der aus die Website aufgerufen wurde<\/p>\n\n\n\n<p>&#8211;&nbsp;Websites, die \u00fcber die Website aufgerufen werden<\/p>\n\n\n\n<p>&#8211;&nbsp;Besuchte Seite auf unserer Website<\/p>\n\n\n\n<p>&#8211;&nbsp;Meldung, ob der Abruf erfolgreich war<\/p>\n\n\n\n<p>&#8211;&nbsp;\u00dcbertragene Datenmenge<\/p>\n\n\n\n<p>&#8211;&nbsp;Informationen \u00fcber den Browsertyp und die verwendete Version<\/p>\n\n\n\n<p>&#8211;&nbsp;Betriebssystem<\/p>\n\n\n\n<p>Die vor\u00fcbergehende Speicherung der Daten ist f\u00fcr den Ablauf eines Websitebesuchs erforderlich, um eine Auslieferung der Website zu erm\u00f6glichen. Eine weitere Speicherung in Protokolldateien erfolgt, um die Funktionsf\u00e4higkeit der Website und die Sicherheit der informationstechnischen Systeme sicherzustellen. In diesen Zwecken liegt auch unser berechtigtes Interesse an der Datenverarbeitung.<\/p>\n\n\n\n<h4 class=\"wp-block-heading\"><strong>c. Auf welcher Rechtsgrundlage werden diese Daten verarbeitet?<\/strong><\/h4>\n\n\n\n<p>Die Daten werden auf der Grundlage des Art. 6 Abs. 1 Buchstabe f DS-GVO verarbeitet.<\/p>\n\n\n\n<h3 class=\"wp-block-heading\"><strong>3. Betroffenenrechte<\/strong><\/h3>\n\n\n\n<h4 class=\"wp-block-heading\"><strong>a. Recht auf Auskunft<\/strong><\/h4>\n\n\n\n<p>Sie k\u00f6nnen Auskunft nach Art. 15 DS-GVO \u00fcber Ihre personenbezogenen Daten verlangen, die wir verarbeiten.<\/p>\n\n\n\n<h4 class=\"wp-block-heading\"><strong>b. Recht auf Widerspruch:<\/strong><\/h4>\n\n\n\n<p>Sie haben ein Recht auf Widerspruch aus besonderen Gr\u00fcnden (siehe unter Punkt II).<\/p>\n\n\n\n<h4 class=\"wp-block-heading\"><strong>c. Recht auf Berichtigung<\/strong><\/h4>\n\n\n\n<p>Sollten die Sie betreffenden Angaben nicht (mehr) zutreffend sein, k\u00f6nnen Sie nach Art. 16 DS-GVO eine Berichtigung verlangen. Sollten Ihre Daten unvollst\u00e4ndig sein, k\u00f6nnen Sie eine Vervollst\u00e4ndigung verlangen.<\/p>\n\n\n\n<h4 class=\"wp-block-heading\"><strong>d. Recht auf L\u00f6schung<\/strong><\/h4>\n\n\n\n<p>Sie k\u00f6nnen nach Art. 17 DS-GVO die L\u00f6schung Ihrer personenbezogenen Daten verlangen.<\/p>\n\n\n\n<h4 class=\"wp-block-heading\"><strong>e. Recht auf Einschr\u00e4nkung der Verarbeitung<\/strong><\/h4>\n\n\n\n<p>Sie haben nach Art. 18 DS-GVO das Recht, eine Einschr\u00e4nkung der Verarbeitung Ihrer personenbezogenen Daten zu verlangen.<\/p>\n\n\n\n<h4 class=\"wp-block-heading\"><strong>f. Recht auf Beschwerde<\/strong><\/h4>\n\n\n\n<p>Wenn Sie der Ansicht sind, dass die Verarbeitung Ihrer personenbezogenen Daten gegen Datenschutzrecht verst\u00f6\u00dft, haben Sie nach Ar. 77 Abs. 1 DS-GVO das Recht, sich bei einer Datenschutzaufsichtsbeh\u00f6rde eigener Wahl zu beschweren. Hierzu geh\u00f6rt auch die f\u00fcr den Verantwortlichen zust\u00e4ndige Datenschutzaufsichtsbeh\u00f6rde.<\/p>\n\n\n\n<h4 class=\"wp-block-heading\"><strong>g. Recht auf Daten\u00fcbertragbarkeit<\/strong><\/h4>\n\n\n\n<p>F\u00fcr den Fall, dass die Voraussetzungen des Art. 20 Abs. 1 DS-GVO vorliegen, steht Ihnen das Recht zu, sich Daten, die wir auf Grundlage Ihrer Einwilligung oder in Erf\u00fcllung eines Vertrags automatisiert verarbeiten, an sich oder an Dritte aush\u00e4ndigen zu lassen. Die Erfassung der Daten zur Bereitstellung der Website und die Speicherung der Protokolldateien sind f\u00fcr den Betrieb der Internetseite zwingend erforderlich. Sie beruhen daher nicht auf einer Einwilligung nach Art. 6 Abs. 1 Buchstabe a DS-GVO oder auf einem Vertrag nach Art. 6 Abs. 1 Buchstabe b DS-GVO, sondern sind nach Art. 6 Abs. 1 Buchstabe f DS-GVO gerechtfertigt. Die Voraussetzungen des Art. 20 Abs. 1 DS-GVO sind demnach insoweit nicht erf\u00fcllt.<\/p>\n\n\n\n<h2 class=\"wp-block-heading\"><strong>II. Recht auf Widerspruch gem\u00e4\u00df Art. 21 Abs. 1 DS-GVO<\/strong><\/h2>\n\n\n\n<p>Sie haben das Recht, aus Gr\u00fcnden, die sich aus Ihrer besonderen Situation ergeben, jederzeit gegen die Verarbeitung Ihrer personenbezogenen Daten, die aufgrund von Artikel 6 Abs. 1 Buchstabe f DS-GVO erfolgt, Widerspruch einzulegen. Der Verantwortliche verarbeitet die personenbezogenen Daten dann nicht mehr, es sei denn, er kann zwingende schutzw\u00fcrdige Gr\u00fcnde f\u00fcr die Verarbeitung nachweisen, die die Interessen, Rechte und Freiheiten der betroffenen Person \u00fcberwiegen, oder die Verarbeitung dient der Geltendmachung, Aus\u00fcbung oder Verteidigung von Rechtsanspr\u00fcchen. Die Erfassung der Daten zur Bereitstellung der Website und die Speicherung der Protokolldateien sind f\u00fcr den Betrieb der Internetseite zwingend erforderlich.<\/p>\n","protected":false},"excerpt":{"rendered":"<p>I.&nbsp;Informationen \u00fcber die Verarbeitung Ihrer Daten gem\u00e4\u00df Art. 13 der Datenschutz-Grundverordnung (DS-GVO) 1.&nbsp;Verantwortlicher und Datenschutzbeauftragter Verantwortlich f\u00fcr diese Website ist Lucas Hanl Bahnhofstra\u00dfe 12 99189 Walschleben Den Datenschutzbeauftragten erreichen Sie per E-Mail unter kontakt@slick-erfurt.de 2. Daten, die f\u00fcr die Bereitstellung der Website und die Erstellung der Protokolldateien verarbeitet werden a. Welche Daten werden f\u00fcr welchen [&hellip;]<\/p>\n","protected":false},"author":1,"featured_media":0,"parent":0,"menu_order":0,"comment_status":"closed","ping_status":"closed","template":"","meta":{"ocean_post_layout":"","ocean_both_sidebars_style":"","ocean_both_sidebars_content_width":0,"ocean_both_sidebars_sidebars_width":0,"ocean_sidebar":"","ocean_second_sidebar":"","ocean_disable_margins":"enable","ocean_add_body_class":"","ocean_shortcode_before_top_bar":"","ocean_shortcode_after_top_bar":"","ocean_shortcode_before_header":"","ocean_shortcode_after_header":"","ocean_has_shortcode":"","ocean_shortcode_after_title":"","ocean_shortcode_before_footer_widgets":"","ocean_shortcode_after_footer_widgets":"","ocean_shortcode_before_footer_bottom":"","ocean_shortcode_after_footer_bottom":"","ocean_display_top_bar":"default","ocean_display_header":"default","ocean_header_style":"","ocean_center_header_left_menu":"","ocean_custom_header_template":"","ocean_custom_logo":0,"ocean_custom_retina_logo":0,"ocean_custom_logo_max_width":0,"ocean_custom_logo_tablet_max_width":0,"ocean_custom_logo_mobile_max_width":0,"ocean_custom_logo_max_height":0,"ocean_custom_logo_tablet_max_height":0,"ocean_custom_logo_mobile_max_height":0,"ocean_header_custom_menu":"","ocean_menu_typo_font_family":"","ocean_menu_typo_font_subset":"","ocean_menu_typo_font_size":0,"ocean_menu_typo_font_size_tablet":0,"ocean_menu_typo_font_size_mobile":0,"ocean_menu_typo_font_size_unit":"px","ocean_menu_typo_font_weight":"","ocean_menu_typo_font_weight_tablet":"","ocean_menu_typo_font_weight_mobile":"","ocean_menu_typo_transform":"","ocean_menu_typo_transform_tablet":"","ocean_menu_typo_transform_mobile":"","ocean_menu_typo_line_height":0,"ocean_menu_typo_line_height_tablet":0,"ocean_menu_typo_line_height_mobile":0,"ocean_menu_typo_line_height_unit":"","ocean_menu_typo_spacing":0,"ocean_menu_typo_spacing_tablet":0,"ocean_menu_typo_spacing_mobile":0,"ocean_menu_typo_spacing_unit":"","ocean_menu_link_color":"","ocean_menu_link_color_hover":"","ocean_menu_link_color_active":"","ocean_menu_link_background":"","ocean_menu_link_hover_background":"","ocean_menu_link_active_background":"","ocean_menu_social_links_bg":"","ocean_menu_social_hover_links_bg":"","ocean_menu_social_links_color":"","ocean_menu_social_hover_links_color":"","ocean_disable_title":"default","ocean_disable_heading":"default","ocean_post_title":"","ocean_post_subheading":"","ocean_post_title_style":"","ocean_post_title_background_color":"","ocean_post_title_background":0,"ocean_post_title_bg_image_position":"","ocean_post_title_bg_image_attachment":"","ocean_post_title_bg_image_repeat":"","ocean_post_title_bg_image_size":"","ocean_post_title_height":0,"ocean_post_title_bg_overlay":0.5,"ocean_post_title_bg_overlay_color":"","ocean_disable_breadcrumbs":"default","ocean_breadcrumbs_color":"","ocean_breadcrumbs_separator_color":"","ocean_breadcrumbs_links_color":"","ocean_breadcrumbs_links_hover_color":"","ocean_display_footer_widgets":"default","ocean_display_footer_bottom":"default","ocean_custom_footer_template":"","footnotes":""},"_links":{"self":[{"href":"https:\/\/slick-erfurt.de\/index.php?rest_route=\/wp\/v2\/pages\/852"}],"collection":[{"href":"https:\/\/slick-erfurt.de\/index.php?rest_route=\/wp\/v2\/pages"}],"about":[{"href":"https:\/\/slick-erfurt.de\/index.php?rest_route=\/wp\/v2\/types\/page"}],"author":[{"embeddable":true,"href":"https:\/\/slick-erfurt.de\/index.php?rest_route=\/wp\/v2\/users\/1"}],"replies":[{"embeddable":true,"href":"https:\/\/slick-erfurt.de\/index.php?rest_route=%2Fwp%2Fv2%2Fcomments&post=852"}],"version-history":[{"count":3,"href":"https:\/\/slick-erfurt.de\/index.php?rest_route=\/wp\/v2\/pages\/852\/revisions"}],"predecessor-version":[{"id":867,"href":"https:\/\/slick-erfurt.de\/index.php?rest_route=\/wp\/v2\/pages\/852\/revisions\/867"}],"wp:attachment":[{"href":"https:\/\/slick-erfurt.de\/index.php?rest_route=%2Fwp%2Fv2%2Fmedia&parent=852"}],"curies":[{"name":"wp","href":"https:\/\/api.w.org\/{rel}","templated":true}]}}